{"id":9,"date":"2010-07-05T14:22:52","date_gmt":"2010-07-05T14:22:52","guid":{"rendered":"https:\/\/www.effetdefer.fr\/?page_id=9"},"modified":"2010-07-07T12:45:16","modified_gmt":"2010-07-07T12:45:16","slug":"lampe-luminaire","status":"publish","type":"page","link":"https:\/\/www.effetdefer.fr\/index.php\/lampe-luminaire\/","title":{"rendered":"\u2013 Luminaire \u2013"},"content":{"rendered":"<h2><a href=\"https:\/\/www.effetdefer.fr\/index.php\/lampe-luminaire\/dentelle-deffet\/\" target=\"_self\"><span style=\"color: #00205f;\">Dentelle d&rsquo;effet<\/span><\/a><\/h2>\n<p><img loading=\"lazy\" decoding=\"async\" class=\"alignnone size-full wp-image-212\" title=\"effet-dentelle\" src=\"https:\/\/www.effetdefer.fr\/wp-content\/uploads\/2010\/07\/lu_effet_dentelle.jpg\" alt=\"\" width=\"470\" height=\"200\" \/> <a href=\"https:\/\/www.effetdefer.fr\/index.php\/lampe-luminaire\/dentelle-deffet\/\" target=\"_self\">[en savoir +]<br \/>\n<\/a> Ligne f\u00e9minine qui se  distingue par un travail minutieux et sensuel du m\u00e9tal.<\/p>\n<h2><a href=\"https:\/\/www.effetdefer.fr\/index.php\/lampe-luminaire\/piege-a-effet\/\" target=\"_self\"><span style=\"color: #00205f;\">Pi\u00e8ge \u00e0 effet<\/span><\/a><\/h2>\n<p><img loading=\"lazy\" decoding=\"async\" class=\"alignnone size-full wp-image-213\" title=\"Les pi\u00e8ges \u00e0 effets\" src=\"https:\/\/www.effetdefer.fr\/wp-content\/uploads\/2010\/07\/piege1.jpg\" alt=\"\" width=\"470\" height=\"200\" \/> <a href=\"https:\/\/www.effetdefer.fr\/index.php\/lampe-luminaire\/piege-a-effet\/\" target=\"_self\">[en savoir +]<br \/>\n<\/a> Ligne d&rsquo;inspiration ethnique o\u00f9 les formes souples  laissent libre court \u00e0 l&rsquo;imaginaire.<\/p>\n<h2><a href=\"https:\/\/www.effetdefer.fr\/index.php\/lampe-luminaire\/lame-deffet\/\" target=\"_self\"><span style=\"color: #00205f;\">Lame d&rsquo;effet<\/span><\/a><\/h2>\n<p><img loading=\"lazy\" decoding=\"async\" class=\"alignnone size-full wp-image-214\" title=\"Les lames d'effet\" src=\"https:\/\/www.effetdefer.fr\/wp-content\/uploads\/2010\/07\/lu_lames_effet.jpg\" alt=\"\" width=\"470\" height=\"200\" \/> <a href=\"https:\/\/www.effetdefer.fr\/index.php\/lampe-luminaire\/lame-deffet\/\" target=\"_self\">[en  savoir +]<br \/>\n<\/a> Collection de lampe aux lignes \u00e9pur\u00e9es, aux lames m\u00e9talliques  \u00e9clairantes.<\/p>\n<h2><a href=\"https:\/\/www.effetdefer.fr\/index.php\/lampe-luminaire\/tube-a-effet\/\" target=\"_self\"><span style=\"color: #00205f;\">Tube \u00e0 effet<\/span><\/a><\/h2>\n<p><img loading=\"lazy\" decoding=\"async\" class=\"alignnone size-full wp-image-216\" title=\"Les tubes \u00e0 effet\" src=\"https:\/\/www.effetdefer.fr\/wp-content\/uploads\/2010\/07\/lu_tubes_effet.jpg\" alt=\"\" width=\"470\" height=\"200\" \/> <a href=\"https:\/\/www.effetdefer.fr\/index.php\/lampe-luminaire\/tube-a-effet\/\" target=\"_self\">[en   savoir +]<\/a><br \/>\nM\u00e9tal brut, en fusion, pour cette gamme de luminaire o\u00f9 la lumi\u00e8re se diffuse \u00e0 travers les entailles du m\u00e9tal.<\/p>\n<h2><a href=\"https:\/\/www.effetdefer.fr\/index.php\/lampe-luminaire\/carre-deffet\/\" target=\"_self\"><span style=\"color: #00205f;\">Carr\u00e9 d&rsquo;effet<\/span><\/a><\/h2>\n<p><img loading=\"lazy\" decoding=\"async\" class=\"alignnone size-full wp-image-217\" title=\"Les carr\u00e9s d'effet\" src=\"https:\/\/www.effetdefer.fr\/wp-content\/uploads\/2010\/07\/lu_carres_effet.jpg\" alt=\"\" width=\"470\" height=\"200\" \/> <a href=\"https:\/\/www.effetdefer.fr\/index.php\/lampe-luminaire\/carre-deffet\/\" target=\"_self\"><span style=\"color: #00205f;\">[en   savoir +]<\/span><\/a><br \/>\nMariage du m\u00e9tal et du verre  travaill\u00e9 artisanalement pour cette collection contemporaine.<\/p>\n<h2><a href=\"https:\/\/www.effetdefer.fr\/index.php\/lampe-luminaire\/effet-divers\/\" target=\"_self\"><span style=\"color: #00205f;\">L&rsquo;effet divers<\/span><\/a><\/h2>\n<p><a href=\"https:\/\/www.effetdefer.fr\/index.php\/lampe-luminaire\/effet-divers\/\" target=\"_self\"><span style=\"color: #00205f;\">[en   savoir +]<\/span><\/a><\/p>\n<p>Cette rubrique vous pr\u00e9sente les cr\u00e9ations qui ne se rattache \u00e0 aucune  ligne en particulier. <strong><br \/>\n\u00a0\u00bb L&rsquo;effet divers \u00ab\u00a0<\/strong>, c&rsquo;est une  d\u00e9couverte \u00ab\u00a0informelle\u00a0\u00bb de mes autres r\u00e9alisations.<\/p>\n","protected":false},"excerpt":{"rendered":"<p>Dentelle d&rsquo;effet [en savoir +] Ligne f\u00e9minine qui se distingue par un travail minutieux et sensuel du m\u00e9tal. Pi\u00e8ge \u00e0 effet [en savoir +] Ligne d&rsquo;inspiration ethnique o\u00f9 les formes souples laissent libre court \u00e0 l&rsquo;imaginaire. Lame d&rsquo;effet [en savoir +] Collection de lampe aux lignes \u00e9pur\u00e9es, aux lames m\u00e9talliques \u00e9clairantes. Tube \u00e0 effet [en [&hellip;]<\/p>\n","protected":false},"author":1,"featured_media":0,"parent":0,"menu_order":3,"comment_status":"closed","ping_status":"closed","template":"","meta":{"footnotes":""},"class_list":["post-9","page","type-page","status-publish","hentry"],"_links":{"self":[{"href":"https:\/\/www.effetdefer.fr\/index.php\/wp-json\/wp\/v2\/pages\/9"}],"collection":[{"href":"https:\/\/www.effetdefer.fr\/index.php\/wp-json\/wp\/v2\/pages"}],"about":[{"href":"https:\/\/www.effetdefer.fr\/index.php\/wp-json\/wp\/v2\/types\/page"}],"author":[{"embeddable":true,"href":"https:\/\/www.effetdefer.fr\/index.php\/wp-json\/wp\/v2\/users\/1"}],"replies":[{"embeddable":true,"href":"https:\/\/www.effetdefer.fr\/index.php\/wp-json\/wp\/v2\/comments?post=9"}],"version-history":[{"count":18,"href":"https:\/\/www.effetdefer.fr\/index.php\/wp-json\/wp\/v2\/pages\/9\/revisions"}],"predecessor-version":[{"id":211,"href":"https:\/\/www.effetdefer.fr\/index.php\/wp-json\/wp\/v2\/pages\/9\/revisions\/211"}],"wp:attachment":[{"href":"https:\/\/www.effetdefer.fr\/index.php\/wp-json\/wp\/v2\/media?parent=9"}],"curies":[{"name":"wp","href":"https:\/\/api.w.org\/{rel}","templated":true}]}}