{"id":27,"date":"2010-07-05T15:13:03","date_gmt":"2010-07-05T15:13:03","guid":{"rendered":"https:\/\/www.effetdefer.fr\/?page_id=27"},"modified":"2015-11-30T13:11:48","modified_gmt":"2015-11-30T13:11:48","slug":"mail-plan-acces","status":"publish","type":"page","link":"https:\/\/www.effetdefer.fr\/index.php\/mail-plan-acces\/","title":{"rendered":"\u2013 Contact &#038; acc\u00e8s \u2013"},"content":{"rendered":"<h2><span style=\"color: #00205f;\">Pour  me contacter\u2026<\/span><\/h2>\n<h4><strong>EFFET DE FER &#8211; Patrick Fagot<\/strong><br \/>\nDomaine de Vill\u00e8le &#8211; Chemin Terre du Loup &#8211; 30620 UCHAUD<br \/>\nMobile 06 14 65 34 49<br \/>\n<a href=\"mailto:creation@www.effetdefer.fr\"><span style=\"color: #00205f;\">E-m@il : creation@www.effetdefer.fr<\/span><\/a><\/h4>\n<h2><span style=\"color: #00205f;\">Pour me rendre visite\u2026<\/span><\/h2>\n<p>Uchaud se trouve \u00e0 12 Km de N\u00eemes, et \u00e0 15 minutes de Montpellier par  l&rsquo;A9, sortie Gallargues-le-Montueux.<\/p>\n<p style=\"text-align: center;\"><img loading=\"lazy\" decoding=\"async\" class=\"size-full wp-image-404 aligncenter\" title=\"plan\" src=\"https:\/\/www.effetdefer.fr\/wp-content\/uploads\/2010\/07\/plan.jpg\" alt=\"\" width=\"470\" height=\"386\" \/><\/p>\n<p>Une <strong>exposition permanente<\/strong> de mes cr\u00e9ations vous est  pr\u00e9sent\u00e9e dans mon atelier show-room, ouvert <strong>du lundi au  vendredi de 10h30 \u00e0 19h00 et le samedi sur rdv de 11h00 \u00e0 16h00<\/strong>.<\/p>\n<p><a style=\"height: 20px; width: 40px; position: absolute; opacity: 0.85; z-index: 8675309; display: none; cursor: pointer; border: medium none; background-color: transparent; background-image: url(&quot;data; top: 215px; left: 597px;\" href=\"\/\/fr.pinterest.com\/pin\/create\/extension\/\"><\/a><\/p>\n<p><a style=\"height: 20px; width: 40px; position: absolute; opacity: 0.85; z-index: 8675309; display: none; cursor: pointer; border: medium none; background-color: transparent; background-image: url(&quot;data; top: 215px; left: 597px;\" href=\"\/\/fr.pinterest.com\/pin\/create\/extension\/\"><\/a><\/p>\n","protected":false},"excerpt":{"rendered":"<p>Pour me contacter\u2026 EFFET DE FER &#8211; Patrick Fagot Domaine de Vill\u00e8le &#8211; Chemin Terre du Loup &#8211; 30620 UCHAUD Mobile 06 14 65 34 49 E-m@il : creation@www.effetdefer.fr Pour me rendre visite\u2026 Uchaud se trouve \u00e0 12 Km de N\u00eemes, et \u00e0 15 minutes de Montpellier par l&rsquo;A9, sortie Gallargues-le-Montueux. Une exposition permanente de [&hellip;]<\/p>\n","protected":false},"author":1,"featured_media":0,"parent":0,"menu_order":7,"comment_status":"closed","ping_status":"closed","template":"","meta":{"footnotes":""},"class_list":["post-27","page","type-page","status-publish","hentry"],"_links":{"self":[{"href":"https:\/\/www.effetdefer.fr\/index.php\/wp-json\/wp\/v2\/pages\/27"}],"collection":[{"href":"https:\/\/www.effetdefer.fr\/index.php\/wp-json\/wp\/v2\/pages"}],"about":[{"href":"https:\/\/www.effetdefer.fr\/index.php\/wp-json\/wp\/v2\/types\/page"}],"author":[{"embeddable":true,"href":"https:\/\/www.effetdefer.fr\/index.php\/wp-json\/wp\/v2\/users\/1"}],"replies":[{"embeddable":true,"href":"https:\/\/www.effetdefer.fr\/index.php\/wp-json\/wp\/v2\/comments?post=27"}],"version-history":[{"count":11,"href":"https:\/\/www.effetdefer.fr\/index.php\/wp-json\/wp\/v2\/pages\/27\/revisions"}],"predecessor-version":[{"id":405,"href":"https:\/\/www.effetdefer.fr\/index.php\/wp-json\/wp\/v2\/pages\/27\/revisions\/405"}],"wp:attachment":[{"href":"https:\/\/www.effetdefer.fr\/index.php\/wp-json\/wp\/v2\/media?parent=27"}],"curies":[{"name":"wp","href":"https:\/\/api.w.org\/{rel}","templated":true}]}}