{"id":25,"date":"2010-07-05T15:12:20","date_gmt":"2010-07-05T15:12:20","guid":{"rendered":"https:\/\/www.effetdefer.fr\/?page_id=25"},"modified":"2015-11-30T13:24:07","modified_gmt":"2015-11-30T13:24:07","slug":"portail-pergolas","status":"publish","type":"page","link":"https:\/\/www.effetdefer.fr\/index.php\/portail-pergolas\/","title":{"rendered":"\u2013 Ferronnerie \u2013"},"content":{"rendered":"<h2><span style=\"color: #00205f;\">Int\u00e9rieur &amp; ext\u00e9rieur<br \/>\n<\/span><\/h2>\n<p>En parall\u00e8le de la cr\u00e9ation de mobilier et luminaire, je vous propose de  r\u00e9aliser vos \u00e9l\u00e9ments de ferronnerie int\u00e9rieure et ext\u00e9rieure, de fabrication  traditionnelle ou contemporaine : pergolas, tonnelles, grilles de  d\u00e9fense, garde-corps, portails, marquises, mobilier de jardin, etc\u2026<\/p>\n<p><span style=\"color: #808080;\">Cliquez            sur les  vignettes  pour  visualiser les cr\u00e9ations\u2026<\/span><\/p>\n\n\t\t<style type=\"text\/css\">\n\t\t\t#gallery-1 {\n\t\t\t\tmargin: auto;\n\t\t\t}\n\t\t\t#gallery-1 .gallery-item {\n\t\t\t\tfloat: left;\n\t\t\t\tmargin-top: 10px;\n\t\t\t\ttext-align: center;\n\t\t\t\twidth: 25%;\n\t\t\t}\n\t\t\t#gallery-1 img {\n\t\t\t\tborder: 2px solid #cfcfcf;\n\t\t\t}\n\t\t\t#gallery-1 .gallery-caption {\n\t\t\t\tmargin-left: 0;\n\t\t\t}\n\t\t\t\/* see gallery_shortcode() in wp-includes\/media.php *\/\n\t\t<\/style>\n\t\t<div id='gallery-1' class='gallery galleryid-25 gallery-columns-4 gallery-size-thumbnail'><dl class='gallery-item'>\n\t\t\t<dt class='gallery-icon landscape'>\n\t\t\t\t<a href='https:\/\/www.effetdefer.fr\/wp-content\/uploads\/2010\/07\/Escalier-fagot-02.jpg'><img loading=\"lazy\" decoding=\"async\" width=\"132\" height=\"132\" src=\"https:\/\/www.effetdefer.fr\/wp-content\/uploads\/2010\/07\/Escalier-fagot-02-132x132.jpg\" class=\"attachment-thumbnail size-thumbnail\" alt=\"\" \/><\/a>\n\t\t\t<\/dt><\/dl><dl class='gallery-item'>\n\t\t\t<dt class='gallery-icon portrait'>\n\t\t\t\t<a href='https:\/\/www.effetdefer.fr\/wp-content\/uploads\/2010\/07\/Escalier-fagot-03.jpg'><img loading=\"lazy\" decoding=\"async\" width=\"132\" height=\"132\" src=\"https:\/\/www.effetdefer.fr\/wp-content\/uploads\/2010\/07\/Escalier-fagot-03-132x132.jpg\" class=\"attachment-thumbnail size-thumbnail\" alt=\"\" \/><\/a>\n\t\t\t<\/dt><\/dl><dl class='gallery-item'>\n\t\t\t<dt class='gallery-icon landscape'>\n\t\t\t\t<a href='https:\/\/www.effetdefer.fr\/wp-content\/uploads\/2010\/07\/Escalier-fagot-04.jpg'><img loading=\"lazy\" decoding=\"async\" width=\"132\" height=\"132\" src=\"https:\/\/www.effetdefer.fr\/wp-content\/uploads\/2010\/07\/Escalier-fagot-04-132x132.jpg\" class=\"attachment-thumbnail size-thumbnail\" alt=\"\" \/><\/a>\n\t\t\t<\/dt><\/dl><dl class='gallery-item'>\n\t\t\t<dt class='gallery-icon landscape'>\n\t\t\t\t<a href='https:\/\/www.effetdefer.fr\/wp-content\/uploads\/2010\/07\/Escalier-fagot-06.jpg'><img loading=\"lazy\" decoding=\"async\" width=\"132\" height=\"132\" src=\"https:\/\/www.effetdefer.fr\/wp-content\/uploads\/2010\/07\/Escalier-fagot-06-132x132.jpg\" class=\"attachment-thumbnail size-thumbnail\" alt=\"\" \/><\/a>\n\t\t\t<\/dt><\/dl><br style=\"clear: both\" \/><dl class='gallery-item'>\n\t\t\t<dt class='gallery-icon portrait'>\n\t\t\t\t<a href='https:\/\/www.effetdefer.fr\/wp-content\/uploads\/2010\/07\/Escalier-fagot-07.jpg'><img loading=\"lazy\" decoding=\"async\" width=\"132\" height=\"132\" src=\"https:\/\/www.effetdefer.fr\/wp-content\/uploads\/2010\/07\/Escalier-fagot-07-132x132.jpg\" class=\"attachment-thumbnail size-thumbnail\" alt=\"\" \/><\/a>\n\t\t\t<\/dt><\/dl><dl class='gallery-item'>\n\t\t\t<dt class='gallery-icon landscape'>\n\t\t\t\t<a href='https:\/\/www.effetdefer.fr\/wp-content\/uploads\/2010\/07\/ferro_02gd.jpg'><img loading=\"lazy\" decoding=\"async\" width=\"132\" height=\"132\" src=\"https:\/\/www.effetdefer.fr\/wp-content\/uploads\/2010\/07\/ferro_02gd-132x132.jpg\" class=\"attachment-thumbnail size-thumbnail\" alt=\"\" \/><\/a>\n\t\t\t<\/dt><\/dl><dl class='gallery-item'>\n\t\t\t<dt class='gallery-icon portrait'>\n\t\t\t\t<a href='https:\/\/www.effetdefer.fr\/wp-content\/uploads\/2010\/07\/ferro_03gd.jpg'><img loading=\"lazy\" decoding=\"async\" width=\"132\" height=\"132\" src=\"https:\/\/www.effetdefer.fr\/wp-content\/uploads\/2010\/07\/ferro_03gd-132x132.jpg\" class=\"attachment-thumbnail size-thumbnail\" alt=\"\" \/><\/a>\n\t\t\t<\/dt><\/dl><dl class='gallery-item'>\n\t\t\t<dt class='gallery-icon portrait'>\n\t\t\t\t<a href='https:\/\/www.effetdefer.fr\/wp-content\/uploads\/2010\/07\/ferro_04gd.jpg'><img loading=\"lazy\" decoding=\"async\" width=\"132\" height=\"132\" src=\"https:\/\/www.effetdefer.fr\/wp-content\/uploads\/2010\/07\/ferro_04gd-132x132.jpg\" class=\"attachment-thumbnail size-thumbnail\" alt=\"\" \/><\/a>\n\t\t\t<\/dt><\/dl><br style=\"clear: both\" \/><dl class='gallery-item'>\n\t\t\t<dt class='gallery-icon landscape'>\n\t\t\t\t<a href='https:\/\/www.effetdefer.fr\/wp-content\/uploads\/2010\/07\/ferro_05gd.jpg'><img loading=\"lazy\" decoding=\"async\" width=\"132\" height=\"132\" src=\"https:\/\/www.effetdefer.fr\/wp-content\/uploads\/2010\/07\/ferro_05gd-132x132.jpg\" class=\"attachment-thumbnail size-thumbnail\" alt=\"\" \/><\/a>\n\t\t\t<\/dt><\/dl><dl class='gallery-item'>\n\t\t\t<dt class='gallery-icon portrait'>\n\t\t\t\t<a href='https:\/\/www.effetdefer.fr\/wp-content\/uploads\/2010\/07\/ferro_06gd.jpg'><img loading=\"lazy\" decoding=\"async\" width=\"132\" height=\"132\" src=\"https:\/\/www.effetdefer.fr\/wp-content\/uploads\/2010\/07\/ferro_06gd-132x132.jpg\" class=\"attachment-thumbnail size-thumbnail\" alt=\"\" \/><\/a>\n\t\t\t<\/dt><\/dl><dl class='gallery-item'>\n\t\t\t<dt class='gallery-icon portrait'>\n\t\t\t\t<a href='https:\/\/www.effetdefer.fr\/wp-content\/uploads\/2010\/07\/ferro_08gd.jpg'><img loading=\"lazy\" decoding=\"async\" width=\"132\" height=\"132\" src=\"https:\/\/www.effetdefer.fr\/wp-content\/uploads\/2010\/07\/ferro_08gd-132x132.jpg\" class=\"attachment-thumbnail size-thumbnail\" alt=\"\" \/><\/a>\n\t\t\t<\/dt><\/dl><dl class='gallery-item'>\n\t\t\t<dt class='gallery-icon portrait'>\n\t\t\t\t<a href='https:\/\/www.effetdefer.fr\/wp-content\/uploads\/2010\/07\/ferro_09gd.jpg'><img loading=\"lazy\" decoding=\"async\" width=\"132\" height=\"132\" src=\"https:\/\/www.effetdefer.fr\/wp-content\/uploads\/2010\/07\/ferro_09gd-132x132.jpg\" class=\"attachment-thumbnail size-thumbnail\" alt=\"\" \/><\/a>\n\t\t\t<\/dt><\/dl><br style=\"clear: both\" \/><dl class='gallery-item'>\n\t\t\t<dt class='gallery-icon landscape'>\n\t\t\t\t<a href='https:\/\/www.effetdefer.fr\/wp-content\/uploads\/2010\/07\/ferro_10gd.jpg'><img loading=\"lazy\" decoding=\"async\" width=\"132\" height=\"132\" src=\"https:\/\/www.effetdefer.fr\/wp-content\/uploads\/2010\/07\/ferro_10gd-132x132.jpg\" class=\"attachment-thumbnail size-thumbnail\" alt=\"\" \/><\/a>\n\t\t\t<\/dt><\/dl><dl class='gallery-item'>\n\t\t\t<dt class='gallery-icon portrait'>\n\t\t\t\t<a href='https:\/\/www.effetdefer.fr\/wp-content\/uploads\/2010\/07\/ferro_11gd.jpg'><img loading=\"lazy\" decoding=\"async\" width=\"132\" height=\"132\" src=\"https:\/\/www.effetdefer.fr\/wp-content\/uploads\/2010\/07\/ferro_11gd-132x132.jpg\" class=\"attachment-thumbnail size-thumbnail\" alt=\"\" \/><\/a>\n\t\t\t<\/dt><\/dl><dl class='gallery-item'>\n\t\t\t<dt class='gallery-icon portrait'>\n\t\t\t\t<a href='https:\/\/www.effetdefer.fr\/wp-content\/uploads\/2010\/07\/ferro_12gd.jpg'><img loading=\"lazy\" decoding=\"async\" width=\"132\" height=\"132\" src=\"https:\/\/www.effetdefer.fr\/wp-content\/uploads\/2010\/07\/ferro_12gd-132x132.jpg\" class=\"attachment-thumbnail size-thumbnail\" alt=\"\" \/><\/a>\n\t\t\t<\/dt><\/dl><dl class='gallery-item'>\n\t\t\t<dt class='gallery-icon landscape'>\n\t\t\t\t<a href='https:\/\/www.effetdefer.fr\/wp-content\/uploads\/2010\/07\/ferro_13gd.jpg'><img loading=\"lazy\" decoding=\"async\" width=\"132\" height=\"132\" src=\"https:\/\/www.effetdefer.fr\/wp-content\/uploads\/2010\/07\/ferro_13gd-132x132.jpg\" class=\"attachment-thumbnail size-thumbnail\" alt=\"\" \/><\/a>\n\t\t\t<\/dt><\/dl><br style=\"clear: both\" \/><dl class='gallery-item'>\n\t\t\t<dt class='gallery-icon portrait'>\n\t\t\t\t<a href='https:\/\/www.effetdefer.fr\/wp-content\/uploads\/2010\/07\/ferro_14gd.jpg'><img loading=\"lazy\" decoding=\"async\" width=\"132\" height=\"132\" src=\"https:\/\/www.effetdefer.fr\/wp-content\/uploads\/2010\/07\/ferro_14gd-132x132.jpg\" class=\"attachment-thumbnail size-thumbnail\" alt=\"\" \/><\/a>\n\t\t\t<\/dt><\/dl><dl class='gallery-item'>\n\t\t\t<dt class='gallery-icon landscape'>\n\t\t\t\t<a href='https:\/\/www.effetdefer.fr\/wp-content\/uploads\/2010\/07\/ferro_15gd.jpg'><img loading=\"lazy\" decoding=\"async\" width=\"132\" height=\"132\" src=\"https:\/\/www.effetdefer.fr\/wp-content\/uploads\/2010\/07\/ferro_15gd-132x132.jpg\" class=\"attachment-thumbnail size-thumbnail\" alt=\"\" \/><\/a>\n\t\t\t<\/dt><\/dl><dl class='gallery-item'>\n\t\t\t<dt class='gallery-icon landscape'>\n\t\t\t\t<a href='https:\/\/www.effetdefer.fr\/wp-content\/uploads\/2010\/07\/ferro_16gd.jpg'><img loading=\"lazy\" decoding=\"async\" width=\"132\" height=\"132\" src=\"https:\/\/www.effetdefer.fr\/wp-content\/uploads\/2010\/07\/ferro_16gd-132x132.jpg\" class=\"attachment-thumbnail size-thumbnail\" alt=\"\" \/><\/a>\n\t\t\t<\/dt><\/dl><dl class='gallery-item'>\n\t\t\t<dt class='gallery-icon landscape'>\n\t\t\t\t<a href='https:\/\/www.effetdefer.fr\/wp-content\/uploads\/2010\/07\/ferro_17gd.jpg'><img loading=\"lazy\" decoding=\"async\" width=\"132\" height=\"132\" src=\"https:\/\/www.effetdefer.fr\/wp-content\/uploads\/2010\/07\/ferro_17gd-132x132.jpg\" class=\"attachment-thumbnail size-thumbnail\" alt=\"\" \/><\/a>\n\t\t\t<\/dt><\/dl><br style=\"clear: both\" \/><dl class='gallery-item'>\n\t\t\t<dt class='gallery-icon landscape'>\n\t\t\t\t<a href='https:\/\/www.effetdefer.fr\/wp-content\/uploads\/2010\/07\/ferro_18gd.jpg'><img loading=\"lazy\" decoding=\"async\" width=\"132\" height=\"132\" src=\"https:\/\/www.effetdefer.fr\/wp-content\/uploads\/2010\/07\/ferro_18gd-132x132.jpg\" class=\"attachment-thumbnail size-thumbnail\" alt=\"\" \/><\/a>\n\t\t\t<\/dt><\/dl><dl class='gallery-item'>\n\t\t\t<dt class='gallery-icon landscape'>\n\t\t\t\t<a href='https:\/\/www.effetdefer.fr\/wp-content\/uploads\/2010\/07\/ferro_19gd.jpg'><img loading=\"lazy\" decoding=\"async\" width=\"132\" height=\"132\" src=\"https:\/\/www.effetdefer.fr\/wp-content\/uploads\/2010\/07\/ferro_19gd-132x132.jpg\" class=\"attachment-thumbnail size-thumbnail\" alt=\"\" \/><\/a>\n\t\t\t<\/dt><\/dl><dl class='gallery-item'>\n\t\t\t<dt class='gallery-icon landscape'>\n\t\t\t\t<a href='https:\/\/www.effetdefer.fr\/wp-content\/uploads\/2010\/07\/ferro_20gd.jpg'><img loading=\"lazy\" decoding=\"async\" width=\"132\" height=\"132\" src=\"https:\/\/www.effetdefer.fr\/wp-content\/uploads\/2010\/07\/ferro_20gd-132x132.jpg\" class=\"attachment-thumbnail size-thumbnail\" alt=\"\" \/><\/a>\n\t\t\t<\/dt><\/dl><dl class='gallery-item'>\n\t\t\t<dt class='gallery-icon portrait'>\n\t\t\t\t<a href='https:\/\/www.effetdefer.fr\/wp-content\/uploads\/2010\/07\/ferro_21gd.jpg'><img loading=\"lazy\" decoding=\"async\" width=\"132\" height=\"132\" src=\"https:\/\/www.effetdefer.fr\/wp-content\/uploads\/2010\/07\/ferro_21gd-132x132.jpg\" class=\"attachment-thumbnail size-thumbnail\" alt=\"\" \/><\/a>\n\t\t\t<\/dt><\/dl><br style=\"clear: both\" \/><dl class='gallery-item'>\n\t\t\t<dt class='gallery-icon landscape'>\n\t\t\t\t<a href='https:\/\/www.effetdefer.fr\/wp-content\/uploads\/2010\/07\/garde-corps-andalousie.jpg'><img loading=\"lazy\" decoding=\"async\" width=\"132\" height=\"132\" src=\"https:\/\/www.effetdefer.fr\/wp-content\/uploads\/2010\/07\/garde-corps-andalousie-132x132.jpg\" class=\"attachment-thumbnail size-thumbnail\" alt=\"\" \/><\/a>\n\t\t\t<\/dt><\/dl><dl class='gallery-item'>\n\t\t\t<dt class='gallery-icon landscape'>\n\t\t\t\t<a href='https:\/\/www.effetdefer.fr\/wp-content\/uploads\/2010\/07\/pergola-fagot_01.jpg'><img loading=\"lazy\" decoding=\"async\" width=\"132\" height=\"132\" src=\"https:\/\/www.effetdefer.fr\/wp-content\/uploads\/2010\/07\/pergola-fagot_01-132x132.jpg\" class=\"attachment-thumbnail size-thumbnail\" alt=\"\" \/><\/a>\n\t\t\t<\/dt><\/dl><dl class='gallery-item'>\n\t\t\t<dt class='gallery-icon portrait'>\n\t\t\t\t<a href='https:\/\/www.effetdefer.fr\/wp-content\/uploads\/2010\/07\/pergola-fagot_detail01.jpg'><img loading=\"lazy\" decoding=\"async\" width=\"132\" height=\"132\" src=\"https:\/\/www.effetdefer.fr\/wp-content\/uploads\/2010\/07\/pergola-fagot_detail01-132x132.jpg\" class=\"attachment-thumbnail size-thumbnail\" alt=\"\" \/><\/a>\n\t\t\t<\/dt><\/dl><dl class='gallery-item'>\n\t\t\t<dt class='gallery-icon landscape'>\n\t\t\t\t<a href='https:\/\/www.effetdefer.fr\/wp-content\/uploads\/2010\/07\/portail-fagot-01.jpg'><img loading=\"lazy\" decoding=\"async\" width=\"132\" height=\"132\" src=\"https:\/\/www.effetdefer.fr\/wp-content\/uploads\/2010\/07\/portail-fagot-01-132x132.jpg\" class=\"attachment-thumbnail size-thumbnail\" alt=\"\" \/><\/a>\n\t\t\t<\/dt><\/dl><br style=\"clear: both\" \/><dl class='gallery-item'>\n\t\t\t<dt class='gallery-icon landscape'>\n\t\t\t\t<a href='https:\/\/www.effetdefer.fr\/wp-content\/uploads\/2010\/07\/portail-fagot-02.jpg'><img loading=\"lazy\" decoding=\"async\" width=\"132\" height=\"132\" src=\"https:\/\/www.effetdefer.fr\/wp-content\/uploads\/2010\/07\/portail-fagot-02-132x132.jpg\" class=\"attachment-thumbnail size-thumbnail\" alt=\"\" \/><\/a>\n\t\t\t<\/dt><\/dl><dl class='gallery-item'>\n\t\t\t<dt class='gallery-icon landscape'>\n\t\t\t\t<a href='https:\/\/www.effetdefer.fr\/wp-content\/uploads\/2010\/07\/portail-fagot-03.jpg'><img loading=\"lazy\" decoding=\"async\" width=\"132\" height=\"132\" src=\"https:\/\/www.effetdefer.fr\/wp-content\/uploads\/2010\/07\/portail-fagot-03-132x132.jpg\" class=\"attachment-thumbnail size-thumbnail\" alt=\"\" \/><\/a>\n\t\t\t<\/dt><\/dl><dl class='gallery-item'>\n\t\t\t<dt class='gallery-icon portrait'>\n\t\t\t\t<a href='https:\/\/www.effetdefer.fr\/wp-content\/uploads\/2010\/07\/porte-crea-fagot_01.jpg'><img loading=\"lazy\" decoding=\"async\" width=\"132\" height=\"132\" src=\"https:\/\/www.effetdefer.fr\/wp-content\/uploads\/2010\/07\/porte-crea-fagot_01-132x132.jpg\" class=\"attachment-thumbnail size-thumbnail\" alt=\"\" \/><\/a>\n\t\t\t<\/dt><\/dl><dl class='gallery-item'>\n\t\t\t<dt class='gallery-icon landscape'>\n\t\t\t\t<a href='https:\/\/www.effetdefer.fr\/wp-content\/uploads\/2010\/07\/portes-fagot_01.jpg'><img loading=\"lazy\" decoding=\"async\" width=\"132\" height=\"132\" src=\"https:\/\/www.effetdefer.fr\/wp-content\/uploads\/2010\/07\/portes-fagot_01-132x132.jpg\" class=\"attachment-thumbnail size-thumbnail\" alt=\"\" \/><\/a>\n\t\t\t<\/dt><\/dl><br style=\"clear: both\" \/><dl class='gallery-item'>\n\t\t\t<dt class='gallery-icon portrait'>\n\t\t\t\t<a href='https:\/\/www.effetdefer.fr\/wp-content\/uploads\/2010\/07\/portillon-fagot_01.jpg'><img loading=\"lazy\" decoding=\"async\" width=\"132\" height=\"132\" src=\"https:\/\/www.effetdefer.fr\/wp-content\/uploads\/2010\/07\/portillon-fagot_01-132x132.jpg\" class=\"attachment-thumbnail size-thumbnail\" alt=\"\" \/><\/a>\n\t\t\t<\/dt><\/dl><dl class='gallery-item'>\n\t\t\t<dt class='gallery-icon landscape'>\n\t\t\t\t<a href='https:\/\/www.effetdefer.fr\/wp-content\/uploads\/2010\/07\/rambarde-fagot_01.jpg'><img loading=\"lazy\" decoding=\"async\" width=\"132\" height=\"132\" src=\"https:\/\/www.effetdefer.fr\/wp-content\/uploads\/2010\/07\/rambarde-fagot_01-132x132.jpg\" class=\"attachment-thumbnail size-thumbnail\" alt=\"\" \/><\/a>\n\t\t\t<\/dt><\/dl><dl class='gallery-item'>\n\t\t\t<dt class='gallery-icon landscape'>\n\t\t\t\t<a href='https:\/\/www.effetdefer.fr\/wp-content\/uploads\/2010\/07\/rambarde-fagot_02.jpg'><img loading=\"lazy\" decoding=\"async\" width=\"132\" height=\"132\" src=\"https:\/\/www.effetdefer.fr\/wp-content\/uploads\/2010\/07\/rambarde-fagot_02-132x132.jpg\" class=\"attachment-thumbnail size-thumbnail\" alt=\"\" \/><\/a>\n\t\t\t<\/dt><\/dl><dl class='gallery-item'>\n\t\t\t<dt class='gallery-icon landscape'>\n\t\t\t\t<a href='https:\/\/www.effetdefer.fr\/wp-content\/uploads\/2010\/07\/rambarde-fagot_03.jpg'><img loading=\"lazy\" decoding=\"async\" width=\"132\" height=\"132\" src=\"https:\/\/www.effetdefer.fr\/wp-content\/uploads\/2010\/07\/rambarde-fagot_03-132x132.jpg\" class=\"attachment-thumbnail size-thumbnail\" alt=\"\" \/><\/a>\n\t\t\t<\/dt><\/dl><br style=\"clear: both\" \/><dl class='gallery-item'>\n\t\t\t<dt class='gallery-icon landscape'>\n\t\t\t\t<a href='https:\/\/www.effetdefer.fr\/wp-content\/uploads\/2010\/07\/rambarde-fagot_04.jpg'><img loading=\"lazy\" decoding=\"async\" width=\"132\" height=\"132\" src=\"https:\/\/www.effetdefer.fr\/wp-content\/uploads\/2010\/07\/rambarde-fagot_04-132x132.jpg\" class=\"attachment-thumbnail size-thumbnail\" alt=\"\" \/><\/a>\n\t\t\t<\/dt><\/dl><dl class='gallery-item'>\n\t\t\t<dt class='gallery-icon landscape'>\n\t\t\t\t<a href='https:\/\/www.effetdefer.fr\/wp-content\/uploads\/2010\/07\/rambarde-fagot_05.jpg'><img loading=\"lazy\" decoding=\"async\" width=\"132\" height=\"132\" src=\"https:\/\/www.effetdefer.fr\/wp-content\/uploads\/2010\/07\/rambarde-fagot_05-132x132.jpg\" class=\"attachment-thumbnail size-thumbnail\" alt=\"\" \/><\/a>\n\t\t\t<\/dt><\/dl><dl class='gallery-item'>\n\t\t\t<dt class='gallery-icon landscape'>\n\t\t\t\t<a href='https:\/\/www.effetdefer.fr\/wp-content\/uploads\/2010\/07\/rambarde-fagot_06.jpg'><img loading=\"lazy\" decoding=\"async\" width=\"132\" height=\"132\" src=\"https:\/\/www.effetdefer.fr\/wp-content\/uploads\/2010\/07\/rambarde-fagot_06-132x132.jpg\" class=\"attachment-thumbnail size-thumbnail\" alt=\"\" \/><\/a>\n\t\t\t<\/dt><\/dl><dl class='gallery-item'>\n\t\t\t<dt class='gallery-icon landscape'>\n\t\t\t\t<a href='https:\/\/www.effetdefer.fr\/wp-content\/uploads\/2010\/07\/escalier-fagot_01.jpg'><img loading=\"lazy\" decoding=\"async\" width=\"132\" height=\"132\" src=\"https:\/\/www.effetdefer.fr\/wp-content\/uploads\/2010\/07\/escalier-fagot_01-132x132.jpg\" class=\"attachment-thumbnail size-thumbnail\" alt=\"\" \/><\/a>\n\t\t\t<\/dt><\/dl><br style=\"clear: both\" \/>\n\t\t<\/div>\n\n<p><a style=\"height: 20px; width: 40px; position: absolute; opacity: 0.85; z-index: 8675309; display: none; cursor: pointer; border: medium none; background-color: transparent; background-image: url(&quot;data;\" href=\"\/\/fr.pinterest.com\/pin\/create\/extension\/\"><\/a><\/p>\n","protected":false},"excerpt":{"rendered":"<p>Int\u00e9rieur &amp; ext\u00e9rieur En parall\u00e8le de la cr\u00e9ation de mobilier et luminaire, je vous propose de r\u00e9aliser vos \u00e9l\u00e9ments de ferronnerie int\u00e9rieure et ext\u00e9rieure, de fabrication traditionnelle ou contemporaine : pergolas, tonnelles, grilles de d\u00e9fense, garde-corps, portails, marquises, mobilier de jardin, etc\u2026 Cliquez sur les vignettes pour visualiser les cr\u00e9ations\u2026<\/p>\n","protected":false},"author":1,"featured_media":0,"parent":0,"menu_order":1,"comment_status":"closed","ping_status":"closed","template":"","meta":{"footnotes":""},"class_list":["post-25","page","type-page","status-publish","hentry"],"_links":{"self":[{"href":"https:\/\/www.effetdefer.fr\/index.php\/wp-json\/wp\/v2\/pages\/25"}],"collection":[{"href":"https:\/\/www.effetdefer.fr\/index.php\/wp-json\/wp\/v2\/pages"}],"about":[{"href":"https:\/\/www.effetdefer.fr\/index.php\/wp-json\/wp\/v2\/types\/page"}],"author":[{"embeddable":true,"href":"https:\/\/www.effetdefer.fr\/index.php\/wp-json\/wp\/v2\/users\/1"}],"replies":[{"embeddable":true,"href":"https:\/\/www.effetdefer.fr\/index.php\/wp-json\/wp\/v2\/comments?post=25"}],"version-history":[{"count":9,"href":"https:\/\/www.effetdefer.fr\/index.php\/wp-json\/wp\/v2\/pages\/25\/revisions"}],"predecessor-version":[{"id":376,"href":"https:\/\/www.effetdefer.fr\/index.php\/wp-json\/wp\/v2\/pages\/25\/revisions\/376"}],"wp:attachment":[{"href":"https:\/\/www.effetdefer.fr\/index.php\/wp-json\/wp\/v2\/media?parent=25"}],"curies":[{"name":"wp","href":"https:\/\/api.w.org\/{rel}","templated":true}]}}