{"id":2,"date":"2010-07-05T13:05:28","date_gmt":"2010-07-05T13:05:28","guid":{"rendered":"https:\/\/www.effetdefer.fr\/?page_id=2"},"modified":"2014-11-19T14:19:30","modified_gmt":"2014-11-19T14:19:30","slug":"effet-de-fer","status":"publish","type":"page","link":"https:\/\/www.effetdefer.fr\/","title":{"rendered":"\u2013 Pr\u00e9sentation \u2013"},"content":{"rendered":"<h2><span style=\"color: #00205f;\">Patrick Fagot, l&rsquo;\u00e2me de fer<\/span><\/h2>\n<p>Originaire de Normandie, ce sont les chantiers navales qui virent na\u00eetre  chez moi la passion du m\u00e9tal. Si hostile et souple \u00e0 la fois, ce combat  amoureux avec le mati\u00e8re, j&rsquo;ai souhait\u00e9 le retrouver et l&rsquo;associer \u00e0 ma  sensibilit\u00e9 esth\u00e9tique. Artisan d&rsquo;art depuis 1999, je vous propose de  concr\u00e9tiser <strong>vos projets d&rsquo;am\u00e9nagement et de d\u00e9coration  d&rsquo;int\u00e9rieure<\/strong>. <strong>Le fer et l&rsquo;inox<\/strong> sont mes  mat\u00e9riaux de pr\u00e9dilection que je marie parfois au verre ou au bois  massif.<\/p>\n<p><a href=\"https:\/\/www.effetdefer.fr\/wp-content\/uploads\/2010\/07\/Fagot-Portrait.jpg\"><img loading=\"lazy\" decoding=\"async\" class=\"alignright size-thumbnail wp-image-431\" title=\"Fagot-Portrait\" src=\"https:\/\/www.effetdefer.fr\/wp-content\/uploads\/2010\/07\/Fagot-Portrait-132x132.jpg\" alt=\"\" width=\"132\" height=\"132\" \/><\/a><\/p>\n<p><strong>Je mod\u00e8le le m\u00e9tal jusqu&rsquo;\u00e0 obtenir un mobilier contemporain au  design \u00e9pur\u00e9, des luminaires aux allures de \u00ab\u00a0sculptures \u00e9clairantes\u00a0\u00bb, et  autres objets de d\u00e9coration divers.<\/strong> J&rsquo;interviens \u00e9galement sur des travaux de ferronnerie ext\u00e9rieure tels  que <strong>pergolas, tonnelles, portails, grilles de d\u00e9fense, mobilier  de jardin&#8230;<\/strong><br \/>\nJe suis tr\u00e8s heureux de vous accueillir dans mon univers m\u00e9tallique, l\u00e0  o\u00f9 mes \u00e9motions prennent formes&#8230;<\/p>\n<p>Patrick Fagot<\/p>\n<h2><span style=\"color: #00205f;\">Effet de fer, des techniques \u00e0 effets<\/span><\/h2>\n<p>Pour vos <strong>projets d&rsquo;ameublement<\/strong> ou pour vos <strong>travaux d&rsquo;am\u00e9nagement int\u00e9rieur et ext\u00e9rieur<\/strong>, n&rsquo;h\u00e9sitez pas \u00e0 me faire part de vos envies. Quelques esquisses nous permettent de faire \u00e9voluer une id\u00e9e vers une pi\u00e8ce unique et originale, en r\u00e9ponse \u00e0 vos exigences.<br \/>\nS&rsquo;en suit mon intervention en atelier, o\u00f9 le m\u00e9tal sera chauff\u00e9, \u00e9lim\u00e9, poli, courb\u00e9\u2026 pour vous offrir ses plus grandes possibilit\u00e9s plastiques. Ma motivation : attribuer au m\u00e9tal des aspects les plus bruts aux atouts les plus raffin\u00e9s. Un combat avec la mati\u00e8re qui vous garantit une finition irr\u00e9prochable, \u00e0 l&rsquo;esth\u00e9tique unique.<\/p>\n<p><span style=\"color: #000000;\"><em>\u00ab\u00a0Tout est surprenant chez Fagot, sa palette d&rsquo;artiste, faite de meuleuses, de perceuses et autres postes \u00e0 souder, son \u00e9nergie virile, son combat cr\u00e9ateur avec la mati\u00e8re. Ce cr\u00e9ateur choisit le fer comme unique medium et rel\u00e8ve le d\u00e9fi de transformer cette mati\u00e8re et de l&rsquo;int\u00e9grer, comme \u00e9l\u00e9ment majeur, dans la conception d&rsquo;un mobilier d&rsquo;int\u00e9rieur o\u00f9 transpara\u00eet le souci de puret\u00e9 de la ligne et d&rsquo;exaltation de la mati\u00e8re. Dans ce travail, la soudure joue un r\u00f4le primordial. Elle lib\u00e8re les structures de la contrainte des vis et des boulons pour offrir un plus large \u00e9ventail de possibilit\u00e9s cr\u00e9atives. L&rsquo;artiste intervient, d\u00e9sormais, sur le m\u00e9tal qu&rsquo;il d\u00e9coupe, meule, mart\u00e8le jusqu&rsquo;\u00e0 obtenir le maximum d&rsquo;effets tactiles et visuels. Cet \u00e9l\u00e9ment trop souvent regard\u00e9 comme st\u00e9rile et inerte para\u00eet, soudain, plus chaleureux et plus vivant\u00a0\u00bb.<\/em><\/span><\/p>\n<p><em>Hannah Douli\u00e8res, historienne de l&rsquo;art &#8211; Texte extrait de l&rsquo;ouvrage de photographies <span style=\"text-decoration: underline;\">Images d&rsquo;atelier<\/span> de Catagnia.<\/em><\/p>\n","protected":false},"excerpt":{"rendered":"<p>Patrick Fagot, l&rsquo;\u00e2me de fer Originaire de Normandie, ce sont les chantiers navales qui virent na\u00eetre chez moi la passion du m\u00e9tal. Si hostile et souple \u00e0 la fois, ce combat amoureux avec le mati\u00e8re, j&rsquo;ai souhait\u00e9 le retrouver et l&rsquo;associer \u00e0 ma sensibilit\u00e9 esth\u00e9tique. Artisan d&rsquo;art depuis 1999, je vous propose de concr\u00e9tiser vos [&hellip;]<\/p>\n","protected":false},"author":1,"featured_media":0,"parent":0,"menu_order":0,"comment_status":"closed","ping_status":"closed","template":"","meta":{"footnotes":""},"class_list":["post-2","page","type-page","status-publish","hentry"],"_links":{"self":[{"href":"https:\/\/www.effetdefer.fr\/index.php\/wp-json\/wp\/v2\/pages\/2"}],"collection":[{"href":"https:\/\/www.effetdefer.fr\/index.php\/wp-json\/wp\/v2\/pages"}],"about":[{"href":"https:\/\/www.effetdefer.fr\/index.php\/wp-json\/wp\/v2\/types\/page"}],"author":[{"embeddable":true,"href":"https:\/\/www.effetdefer.fr\/index.php\/wp-json\/wp\/v2\/users\/1"}],"replies":[{"embeddable":true,"href":"https:\/\/www.effetdefer.fr\/index.php\/wp-json\/wp\/v2\/comments?post=2"}],"version-history":[{"count":21,"href":"https:\/\/www.effetdefer.fr\/index.php\/wp-json\/wp\/v2\/pages\/2\/revisions"}],"predecessor-version":[{"id":4,"href":"https:\/\/www.effetdefer.fr\/index.php\/wp-json\/wp\/v2\/pages\/2\/revisions\/4"}],"wp:attachment":[{"href":"https:\/\/www.effetdefer.fr\/index.php\/wp-json\/wp\/v2\/media?parent=2"}],"curies":[{"name":"wp","href":"https:\/\/api.w.org\/{rel}","templated":true}]}}